{"id":1401,"date":"2020-04-02T13:53:05","date_gmt":"2020-04-02T11:53:05","guid":{"rendered":"http:\/\/www.weddinglaboratory.cz\/?page_id=1401"},"modified":"2022-02-04T21:19:14","modified_gmt":"2022-02-04T20:19:14","slug":"koordinace-2","status":"publish","type":"page","link":"https:\/\/www.weddinglaboratory.cz\/?page_id=1401","title":{"rendered":"KOORDINACE"},"content":{"rendered":"<p>[vc_row css=&#8220;.vc_custom_1499258552748{margin-top: 0px !important;margin-bottom: 0px !important;padding-top: 80px !important;padding-bottom: 0px !important;}&#8220;][vc_column width=&#8220;1\/4&#8243;][\/vc_column][vc_column width=&#8220;1\/2&#8243;]<div id=\"ultimate-heading-606169f2b89b15360\" class=\"uvc-heading ult-adjust-bottom-margin ultimate-heading-606169f2b89b15360 uvc-6687 \" data-hspacer=\"no_spacer\"  data-halign=\"center\" style=\"text-align:center\"><div class=\"uvc-heading-spacer no_spacer\" style=\"top\"><\/div><div class=\"uvc-sub-heading ult-responsive\"  data-ultimate-target='.uvc-heading.ultimate-heading-606169f2b89b15360 .uvc-sub-heading '  data-responsive-json-new='{\"font-size\":\"desktop:18px;\",\"line-height\":\"desktop:32px;\"}'  style=\"font-family:&#039;Merriweather&#039;;font-weight:300;color:#606060;\">Postar\u00e1me se o V\u00e1\u0161 den pln\u00fd l\u00e1sky. Je dobr\u00e9 n\u011bkter\u00e9 organiza\u010dn\u00ed starosti p\u0159esunout na n\u00e1s a nemus\u00edte je b\u011bhem dne \u0159e\u0161it ani Va\u0161i sv\u011bdkov\u00e9.<\/p>\n<p>Povinnosti koordin\u00e1tora v\u017edy plynou ze vz\u00e1jemn\u00e9 domluvy. Pro p\u0159edstavu jsou to:<\/p>\n<p>V\u00edt\u00e1n\u00ed host\u016f, kontrola ob\u0159adn\u00edho m\u00edsta, spr\u00e1vn\u00e9 na\u010dasov\u00e1n\u00ed p\u0159\u00edchod\u016f, sm\u011brov\u00e1n\u00ed host\u016f na m\u00edsta, koordinace \u0161pal\u00edru. Koordinace pr\u016fb\u011bhu ob\u0159adu,&nbsp; poskytov\u00e1n\u00ed rad o pravidlech ob\u0159adu, p\u0159eb\u00edr\u00e1n\u00ed gratulac\u00ed, informovan\u00ed o p\u0159\u00e1n\u00edch svateb\u010dan\u016f a programu dne, gratulace a m\u00edsto skladov\u00e1n\u00ed d\u00e1rku. Dodr\u017eov\u00e1n\u00ed harmonogramu, skl\u00edzen\u00ed ob\u0159adn\u00edho m\u00edsta a p\u0159esouv\u00e1n\u00ed dekorac\u00ed na m\u00edsto party \u010di hostiny. Asistence focen\u00ed a n\u00e1sledn\u011b komunikace s dodavateli &#8211; fotograf, komunikace s hudebn\u00edky \u010di DJ, kameraman, DJ, kapela, dekorac\u00ed, cateringu &#8211; j\u00eddlo, dort (zakrojov\u00e1n\u00ed, dodekorov\u00e1n\u00ed ovocem, kv\u011btinami, &#8230;), kontrola vystoupen\u00ed, odvoz host\u016f &#8211; \u0159idi\u010di a vypl\u00e1cen\u00ed hotovost\u00ed za slu\u017eby a \u0159e\u0161en\u00ed krizov\u00fdch situac\u00ed.<\/div><\/div>[\/vc_column][vc_column width=&#8220;1\/4&#8243;][\/vc_column][\/vc_row][vc_row bg_type=&#8220;image&#8220; parallax_style=&#8220;vcpb-default&#8220; bg_image_new=&#8220;id^877|url^http:\/\/www.weddinglaboratory.cz\/wp-content\/uploads\/2018\/07\/DSC6813_uvodfoto.jpg|caption^null|alt^null|title^_DSC6813_uvodfoto|description^null&#8220; bg_override=&#8220;full&#8220; css=&#8220;.vc_custom_1539080211027{margin-top: 0px !important;margin-bottom: -80px !important;padding-top: 150px !important;padding-bottom: 150px !important;}&#8220;][vc_column]<div id=\"ultimate-heading-882269f2b89b153ed\" class=\"uvc-heading ult-adjust-bottom-margin ultimate-heading-882269f2b89b153ed uvc-7259 \" data-hspacer=\"no_spacer\"  data-halign=\"left\" style=\"text-align:left\"><div class=\"uvc-heading-spacer no_spacer\" style=\"top\"><\/div><\/div><div class=\" ubtn-ctn-center \"><a class=\"ubtn-link ult-adjust-bottom-margin ubtn-center ubtn-normal \"  rel='' href = \"http:\/\/www.weddinglaboratory.cz\/?page_id=764\" ><button type=\"button\" id=\"ubtn-6417\" class=\"ubtn ult-adjust-bottom-margin ult-responsive ubtn-normal ubtn-fade-bg  none  ubtn-center   tooltip-69f2b89b15423\"  data-hover=\"#ffffff\" data-border-color=\"\" data-bg=\"#fae0d2\" data-hover-bg=\"#222222\" data-border-hover=\"\" data-shadow-hover=\"\" data-shadow-click=\"none\" data-shadow=\"\" data-shd-shadow=\"\"  data-ultimate-target='#ubtn-6417'  data-responsive-json-new='{\"font-size\":\"desktop:13px;\",\"line-height\":\"desktop:13px;\"}'  style=\"font-family:&#039;&#039;;font-weight:700;border:none;background: #fae0d2;color: #222222;\"><span class=\"ubtn-hover\" style=\"background-color:#222222\"><\/span><span class=\"ubtn-data ubtn-text \" >KONTAKT<\/span><\/button><\/a><\/div>[\/vc_column][\/vc_row]<\/p>\n","protected":false},"excerpt":{"rendered":"<p>[vc_row css=&#8220;.vc_custom_1499258552748{margin-top: 0px !important;margin-bottom: 0px !important;padding-top: 80px !important;padding-bottom: 0px !important;}&#8220;][vc_column width=&#8220;1\/4&#8243;][\/vc_column][vc_column width=&#8220;1\/2&#8243;][\/vc_column][vc_column width=&#8220;1\/4&#8243;][\/vc_column][\/vc_row][vc_row bg_type=&#8220;image&#8220; parallax_style=&#8220;vcpb-default&#8220; bg_image_new=&#8220;id^877|url^http:\/\/www.weddinglaboratory.cz\/wp-content\/uploads\/2018\/07\/DSC6813_uvodfoto.jpg|caption^null|alt^null|title^_DSC6813_uvodfoto|description^null&#8220; bg_override=&#8220;full&#8220; css=&#8220;.vc_custom_1539080211027{margin-top: 0px !important;margin-bottom: -80px !important;padding-top: 150px !important;padding-bottom: 150px !important;}&#8220;][vc_column][\/vc_column][\/vc_row]<\/p>\n","protected":false},"author":1,"featured_media":0,"parent":0,"menu_order":0,"comment_status":"closed","ping_status":"closed","template":"","meta":[],"_links":{"self":[{"href":"https:\/\/www.weddinglaboratory.cz\/index.php?rest_route=\/wp\/v2\/pages\/1401"}],"collection":[{"href":"https:\/\/www.weddinglaboratory.cz\/index.php?rest_route=\/wp\/v2\/pages"}],"about":[{"href":"https:\/\/www.weddinglaboratory.cz\/index.php?rest_route=\/wp\/v2\/types\/page"}],"author":[{"embeddable":true,"href":"https:\/\/www.weddinglaboratory.cz\/index.php?rest_route=\/wp\/v2\/users\/1"}],"replies":[{"embeddable":true,"href":"https:\/\/www.weddinglaboratory.cz\/index.php?rest_route=%2Fwp%2Fv2%2Fcomments&post=1401"}],"version-history":[{"count":8,"href":"https:\/\/www.weddinglaboratory.cz\/index.php?rest_route=\/wp\/v2\/pages\/1401\/revisions"}],"predecessor-version":[{"id":1451,"href":"https:\/\/www.weddinglaboratory.cz\/index.php?rest_route=\/wp\/v2\/pages\/1401\/revisions\/1451"}],"wp:attachment":[{"href":"https:\/\/www.weddinglaboratory.cz\/index.php?rest_route=%2Fwp%2Fv2%2Fmedia&parent=1401"}],"curies":[{"name":"wp","href":"https:\/\/api.w.org\/{rel}","templated":true}]}}