{"id":374,"date":"2017-08-01T21:19:38","date_gmt":"2017-08-01T21:19:38","guid":{"rendered":"http:\/\/dexter.evatheme.com\/demo\/?page_id=374"},"modified":"2022-02-04T21:43:05","modified_gmt":"2022-02-04T20:43:05","slug":"about-us","status":"publish","type":"page","link":"https:\/\/www.weddinglaboratory.cz\/?page_id=374","title":{"rendered":"T\u00fdm na\u0161\u00ed laborato\u0159e"},"content":{"rendered":"<p>[vc_row css=&#8220;.vc_custom_1501623405498{margin-top: 0px !important;margin-bottom: 0px !important;padding-top: 90px !important;padding-bottom: 150px !important;}&#8220;][vc_column width=&#8220;1\/3&#8243;]\n<div id=\"interactive-banner-1-wrap-9796\" class=\"ult-banner-block ult-adjust-bottom-margin ult-bb-none  banner-style01 \"   style=\"\">\n\t<img src=\"https:\/\/www.weddinglaboratory.cz\/wp-content\/uploads\/2018\/11\/DSC7189_foto4.jpg\" alt=\"null\">\n\t<h3  data-ultimate-target='#interactive-banner-1-wrap-9796 .bb-top-title '  data-responsive-json-new='{\"font-size\":\"\",\"line-height\":\"\"}'  class=\"title-center bb-top-title ult-responsive\" style=\"font-weight:normal;background:#242424;color:#ffffff;\">Mark\u00e9ta<\/h3>\n\t<div class=\"mask opaque-background\" style=\"background:#242424;\">\n\t\t<div  data-ultimate-target='#interactive-banner-1-wrap-9796 .bb-description'  data-responsive-json-new='{\"font-size\":\"\",\"line-height\":\"\"}'  class=\"bb-description ult-responsive\" style=\"font-weight:normal;color:#ffffff;\"><\/div>\n\t<\/div>\n<\/div>[\/vc_column][vc_column width=&#8220;1\/3&#8243;]<div id=\"ultimate-heading-632169f2c702b09d2\" class=\"uvc-heading ult-adjust-bottom-margin ultimate-heading-632169f2c702b09d2 uvc-3441 \" data-hspacer=\"image_only\"  data-halign=\"center\" style=\"text-align:center\"><div class=\"uvc-heading-spacer image_only\" style=\"margin-bottom:0px;\"><img src=\"\" class=\"ultimate-headings-icon-image\" alt=\"\" style=\"width:170px\"\/><\/div><div class=\"uvc-main-heading ult-responsive\"  data-ultimate-target='.uvc-heading.ultimate-heading-632169f2c702b09d2 h2'  data-responsive-json-new='{\"font-size\":\"desktop:42px;tablet:32px;tablet_portrait:24px;mobile_landscape:20px;mobile:20px;\",\"line-height\":\"desktop:52px;tablet:42px;tablet_portrait:34px;mobile_landscape:30px;mobile:30px;\"}' ><h2 style=\"font-weight:normal;color:#222222;margin-top:20px;margin-bottom:20px;\">Jsme kreativn\u00ed t\u00fdm, kter\u00fd p\u0159ijim\u00e1 v\u00fdzvy a d\u011bl\u00e1 V\u00e1s \u0161tastn\u00fdmi.<\/h2><\/div><\/div>[vc_column_text]<\/p>\n<p style=\"text-align: center;\"><span id=\"react-root\" aria-hidden=\"false\">| Sophisticated wedding stylist\u2022 Florist |<br \/>\n<\/span><span id=\"react-root\" aria-hidden=\"false\">| Silk ribbon &amp; decor |<br \/>\nCZECH KREATIV DUO \u2022 Mark\u00e9ta &amp; Sonka<\/span><\/p>\n<p>[\/vc_column_text][\/vc_column][vc_column width=&#8220;1\/3&#8243;]\n<div id=\"interactive-banner-1-wrap-4649\" class=\"ult-banner-block ult-adjust-bottom-margin ult-bb-none  banner-style01 \"   style=\"\">\n\t<img src=\"https:\/\/www.weddinglaboratory.cz\/wp-content\/uploads\/2018\/11\/17103788_1397316253624629_7877896817461559356_n.jpg\" alt=\"null\">\n\t<h3  data-ultimate-target='#interactive-banner-1-wrap-4649 .bb-top-title '  data-responsive-json-new='{\"font-size\":\"\",\"line-height\":\"\"}'  class=\"title-center bb-top-title ult-responsive\" style=\"font-weight:normal;background:#242424;color:#ffffff;\">Sonka Skerik<\/h3>\n\t<div class=\"mask opaque-background\" style=\"background:#242424;\">\n\t\t<div  data-ultimate-target='#interactive-banner-1-wrap-4649 .bb-description'  data-responsive-json-new='{\"font-size\":\"\",\"line-height\":\"\"}'  class=\"bb-description ult-responsive\" style=\"font-weight:normal;color:#ffffff;\"><\/div>\n\t<\/div>\n<\/div>[\/vc_column][\/vc_row][vc_row][vc_column]<div id=\"ultimate-heading-841469f2c702b0e7b\" class=\"uvc-heading ult-adjust-bottom-margin ultimate-heading-841469f2c702b0e7b uvc-6916 \" data-hspacer=\"line_only\"  data-halign=\"center\" style=\"text-align:center\"><div class=\"uvc-heading-spacer line_only\" style=\"topheight:1px;\"><span class=\"uvc-headings-line\" style=\"border-style:solid;border-bottom-width:1px;border-color:#ccc;width:autopx;\"><\/span><\/div><div class=\"uvc-sub-heading ult-responsive\"  data-ultimate-target='.uvc-heading.ultimate-heading-841469f2c702b0e7b .uvc-sub-heading '  data-responsive-json-new='{\"font-size\":\"desktop:18px;tablet:16px;tablet_portrait:14px;mobile_landscape:12px;mobile:12px;\",\"line-height\":\"desktop:26px;tablet:26px;tablet_portrait:22px;mobile_landscape:20px;mobile:20px;\"}'  style=\"font-weight:300;color:rgba(34,34,34,0.6);margin-top:60px;\">Dokonal\u00e1 svatba vznik\u00e1 synergi\u00ed va\u0161ich sn\u016f, na\u0161ich zku\u0161enost\u00ed, v\u011bdomost\u00ed a dovednost\u00ed z\u00edskan\u00fdch dlouh\u00fdm v\u011bdeck\u00fdm b\u00e1d\u00e1n\u00edm, mnohokr\u00e1t opakovan\u00fdmi pokusy s p\u0159esn\u011b d\u00e1vkovan\u00fdmi ingrediencemi, ov\u011b\u0159en\u00fdmi empirick\u00fdm v\u00fdzkumem, a hlavn\u011b neutuchaj\u00edc\u00edm nad\u0161en\u00edm pro v\u011bc.<\/p>\n<p>T\u00fdm na\u0161\u00ed laborato\u0159e garantuje vyv\u00e1\u017eenou sm\u011bs kvality a estetiky, emotivn\u00ed reakce a exploze nad\u0161en\u00ed. Va\u0161e svatba je n\u00e1\u0161 v\u011bdeck\u00fd \u00fakol.<\/div><\/div>[\/vc_column][\/vc_row]<\/p>\n","protected":false},"excerpt":{"rendered":"<p>[vc_row css=&#8220;.vc_custom_1501623405498{margin-top: 0px !important;margin-bottom: 0px !important;padding-top: 90px !important;padding-bottom: 150px !important;}&#8220;][vc_column width=&#8220;1\/3&#8243;][\/vc_column][vc_column width=&#8220;1\/3&#8243;][vc_column_text] | Sophisticated wedding stylist\u2022 Florist | | Silk ribbon &amp; decor | CZECH KREATIV DUO \u2022 Mark\u00e9ta &amp; Sonka [\/vc_column_text][\/vc_column][vc_column width=&#8220;1\/3&#8243;][\/vc_column][\/vc_row][vc_row][vc_column][\/vc_column][\/vc_row]<\/p>\n","protected":false},"author":1,"featured_media":0,"parent":0,"menu_order":0,"comment_status":"closed","ping_status":"closed","template":"","meta":[],"_links":{"self":[{"href":"https:\/\/www.weddinglaboratory.cz\/index.php?rest_route=\/wp\/v2\/pages\/374"}],"collection":[{"href":"https:\/\/www.weddinglaboratory.cz\/index.php?rest_route=\/wp\/v2\/pages"}],"about":[{"href":"https:\/\/www.weddinglaboratory.cz\/index.php?rest_route=\/wp\/v2\/types\/page"}],"author":[{"embeddable":true,"href":"https:\/\/www.weddinglaboratory.cz\/index.php?rest_route=\/wp\/v2\/users\/1"}],"replies":[{"embeddable":true,"href":"https:\/\/www.weddinglaboratory.cz\/index.php?rest_route=%2Fwp%2Fv2%2Fcomments&post=374"}],"version-history":[{"count":41,"href":"https:\/\/www.weddinglaboratory.cz\/index.php?rest_route=\/wp\/v2\/pages\/374\/revisions"}],"predecessor-version":[{"id":1453,"href":"https:\/\/www.weddinglaboratory.cz\/index.php?rest_route=\/wp\/v2\/pages\/374\/revisions\/1453"}],"wp:attachment":[{"href":"https:\/\/www.weddinglaboratory.cz\/index.php?rest_route=%2Fwp%2Fv2%2Fmedia&parent=374"}],"curies":[{"name":"wp","href":"https:\/\/api.w.org\/{rel}","templated":true}]}}