{"id":697,"date":"2018-04-16T14:01:36","date_gmt":"2018-04-16T12:01:36","guid":{"rendered":"http:\/\/www.weddinglaboratory.cz\/?page_id=697"},"modified":"2019-08-16T10:29:24","modified_gmt":"2019-08-16T08:29:24","slug":"svatebni-servis-a-dodavatele","status":"publish","type":"page","link":"https:\/\/www.weddinglaboratory.cz\/?page_id=697","title":{"rendered":"Svatebn\u00ed servis a dodavatel\u00e9"},"content":{"rendered":"<p>[vc_row css=&#8220;.vc_custom_1499258552748{margin-top: 0px !important;margin-bottom: 0px !important;padding-top: 80px !important;padding-bottom: 0px !important;}&#8220;][vc_column width=&#8220;1\/4&#8243;][\/vc_column][vc_column width=&#8220;1\/2&#8243;]<div id=\"ultimate-heading-575469f2c59c8b7d7\" class=\"uvc-heading ult-adjust-bottom-margin ultimate-heading-575469f2c59c8b7d7 uvc-9410 \" data-hspacer=\"no_spacer\"  data-halign=\"center\" style=\"text-align:center\"><div class=\"uvc-heading-spacer no_spacer\" style=\"top\"><\/div><div class=\"uvc-sub-heading ult-responsive\"  data-ultimate-target='.uvc-heading.ultimate-heading-575469f2c59c8b7d7 .uvc-sub-heading '  data-responsive-json-new='{\"font-size\":\"desktop:18px;\",\"line-height\":\"desktop:32px;\"}'  style=\"font-family:&#039;Merriweather&#039;;font-weight:300;color:#606060;\">Spolupracujeme s nejv\u011bt\u0161\u00edmi kapacitami a pe\u010dliv\u011b prov\u011b\u0159en\u00fdmi odborn\u00edky na poli svatebn\u00edch realizac\u00ed. Vyu\u017eijte na\u0161ich kontakt\u016f a zku\u0161enost\u00ed.<\/div><\/div>[\/vc_column][vc_column width=&#8220;1\/4&#8243;][\/vc_column][vc_column][vc_row_inner][vc_column_inner][vc_empty_space][vc_empty_space][\/vc_column_inner][\/vc_row_inner][\/vc_column][\/vc_row][vc_row][vc_column][vc_separator][\/vc_column][\/vc_row][vc_row bg_type=&#8220;image&#8220; parallax_style=&#8220;vcpb-default&#8220; bg_override=&#8220;full&#8220; css=&#8220;.vc_custom_1565944247723{margin-top: 0px !important;margin-bottom: -70px !important;padding-top: 0px !important;padding-bottom: 0px !important;}&#8220;][vc_column]<div class=\" ubtn-ctn-center \"><a class=\"ubtn-link ult-adjust-bottom-margin ubtn-center ubtn-normal \"  rel='' href = \"http:\/\/www.weddinglaboratory.cz\/?page_id=764\" ><button type=\"button\" id=\"ubtn-4543\" class=\"ubtn ult-adjust-bottom-margin ult-responsive ubtn-normal ubtn-fade-bg  none  ubtn-center   tooltip-69f2c59c8b81d\"  data-hover=\"#ffffff\" data-border-color=\"\" data-bg=\"#fae0d2\" data-hover-bg=\"#222222\" data-border-hover=\"\" data-shadow-hover=\"\" data-shadow-click=\"none\" data-shadow=\"\" data-shd-shadow=\"\"  data-ultimate-target='#ubtn-4543'  data-responsive-json-new='{\"font-size\":\"desktop:13px;\",\"line-height\":\"desktop:13px;\"}'  style=\"font-family:&#039;Playfair Display SC&#039;;font-weight:700;border:none;background: #fae0d2;color: #222222;\"><span class=\"ubtn-hover\" style=\"background-color:#222222\"><\/span><span class=\"ubtn-data ubtn-text \" >KONTAKT<\/span><\/button><\/a><\/div>[\/vc_column][\/vc_row]<\/p>\n","protected":false},"excerpt":{"rendered":"<p>[vc_row css=&#8220;.vc_custom_1499258552748{margin-top: 0px !important;margin-bottom: 0px !important;padding-top: 80px !important;padding-bottom: 0px !important;}&#8220;][vc_column width=&#8220;1\/4&#8243;][\/vc_column][vc_column width=&#8220;1\/2&#8243;][\/vc_column][vc_column width=&#8220;1\/4&#8243;][\/vc_column][vc_column][vc_row_inner][vc_column_inner][vc_empty_space][vc_empty_space][\/vc_column_inner][\/vc_row_inner][\/vc_column][\/vc_row][vc_row][vc_column][vc_separator][\/vc_column][\/vc_row][vc_row bg_type=&#8220;image&#8220; parallax_style=&#8220;vcpb-default&#8220; bg_override=&#8220;full&#8220; css=&#8220;.vc_custom_1565944247723{margin-top: 0px !important;margin-bottom: -70px !important;padding-top: 0px !important;padding-bottom: 0px !important;}&#8220;][vc_column][\/vc_column][\/vc_row]<\/p>\n","protected":false},"author":1,"featured_media":0,"parent":0,"menu_order":0,"comment_status":"closed","ping_status":"closed","template":"","meta":[],"_links":{"self":[{"href":"https:\/\/www.weddinglaboratory.cz\/index.php?rest_route=\/wp\/v2\/pages\/697"}],"collection":[{"href":"https:\/\/www.weddinglaboratory.cz\/index.php?rest_route=\/wp\/v2\/pages"}],"about":[{"href":"https:\/\/www.weddinglaboratory.cz\/index.php?rest_route=\/wp\/v2\/types\/page"}],"author":[{"embeddable":true,"href":"https:\/\/www.weddinglaboratory.cz\/index.php?rest_route=\/wp\/v2\/users\/1"}],"replies":[{"embeddable":true,"href":"https:\/\/www.weddinglaboratory.cz\/index.php?rest_route=%2Fwp%2Fv2%2Fcomments&post=697"}],"version-history":[{"count":23,"href":"https:\/\/www.weddinglaboratory.cz\/index.php?rest_route=\/wp\/v2\/pages\/697\/revisions"}],"predecessor-version":[{"id":1383,"href":"https:\/\/www.weddinglaboratory.cz\/index.php?rest_route=\/wp\/v2\/pages\/697\/revisions\/1383"}],"wp:attachment":[{"href":"https:\/\/www.weddinglaboratory.cz\/index.php?rest_route=%2Fwp%2Fv2%2Fmedia&parent=697"}],"curies":[{"name":"wp","href":"https:\/\/api.w.org\/{rel}","templated":true}]}}