{"id":706,"date":"2018-04-16T14:13:51","date_gmt":"2018-04-16T12:13:51","guid":{"rendered":"http:\/\/www.weddinglaboratory.cz\/?page_id=706"},"modified":"2022-02-04T20:37:45","modified_gmt":"2022-02-04T19:37:45","slug":"foto-a-video","status":"publish","type":"page","link":"https:\/\/www.weddinglaboratory.cz\/?page_id=706","title":{"rendered":"Foto a video"},"content":{"rendered":"<p>[vc_row css=&#8220;.vc_custom_1499258552748{margin-top: 0px !important;margin-bottom: 0px !important;padding-top: 80px !important;padding-bottom: 0px !important;}&#8220;][vc_column width=&#8220;1\/4&#8243;][\/vc_column][vc_column width=&#8220;1\/2&#8243;]<div id=\"ultimate-heading-898069f2c59c8bf26\" class=\"uvc-heading ult-adjust-bottom-margin ultimate-heading-898069f2c59c8bf26 uvc-6709 \" data-hspacer=\"no_spacer\"  data-halign=\"center\" style=\"text-align:center\"><div class=\"uvc-heading-spacer no_spacer\" style=\"top\"><\/div><div class=\"uvc-sub-heading ult-responsive\"  data-ultimate-target='.uvc-heading.ultimate-heading-898069f2c59c8bf26 .uvc-sub-heading '  data-responsive-json-new='{\"font-size\":\"desktop:18px;\",\"line-height\":\"desktop:32px;\"}'  style=\"font-family:&#039;Merriweather&#039;;font-weight:300;color:#606060;\">V\u00edme, kdo zachyt\u00ed pr\u016fb\u011bh va\u0161eho velk\u00e9ho dne tak, aby v\u00e1s to je\u0161t\u011b po letech chytilo za srdce. Citliv\u011b, esteticky, s hloubkou a pochopen\u00edm.<\/div><\/div>[\/vc_column][vc_column width=&#8220;1\/4&#8243;][\/vc_column][\/vc_row][vc_row bg_type=&#8220;image&#8220; parallax_style=&#8220;vcpb-default&#8220; bg_override=&#8220;full&#8220; css=&#8220;.vc_custom_1644003258395{margin-top: 0px !important;margin-bottom: -80px !important;padding-top: 150px !important;padding-bottom: 150px !important;}&#8220;][vc_column]<div id=\"ultimate-heading-911869f2c59c8bfe3\" class=\"uvc-heading ult-adjust-bottom-margin ultimate-heading-911869f2c59c8bfe3 uvc-3556 \" data-hspacer=\"no_spacer\"  data-halign=\"left\" style=\"text-align:left\"><div class=\"uvc-heading-spacer no_spacer\" style=\"top\"><\/div><\/div><div class=\" ubtn-ctn-center \"><a class=\"ubtn-link ult-adjust-bottom-margin ubtn-center ubtn-normal \"  rel='' href = \"http:\/\/www.weddinglaboratory.cz\/?page_id=764\" ><button type=\"button\" id=\"ubtn-1091\" class=\"ubtn ult-adjust-bottom-margin ult-responsive ubtn-normal ubtn-fade-bg  none  ubtn-center   tooltip-69f2c59c8c051\"  data-hover=\"#ffffff\" data-border-color=\"\" data-bg=\"#fae0d2\" data-hover-bg=\"#222222\" data-border-hover=\"\" data-shadow-hover=\"\" data-shadow-click=\"none\" data-shadow=\"\" data-shd-shadow=\"\"  data-ultimate-target='#ubtn-1091'  data-responsive-json-new='{\"font-size\":\"desktop:13px;\",\"line-height\":\"desktop:13px;\"}'  style=\"font-family:&#039;&#039;;font-weight:700;border:none;background: #fae0d2;color: #222222;\"><span class=\"ubtn-hover\" style=\"background-color:#222222\"><\/span><span class=\"ubtn-data ubtn-text \" >KONTAKT<\/span><\/button><\/a><\/div>[\/vc_column][\/vc_row]<\/p>\n","protected":false},"excerpt":{"rendered":"<p>[vc_row css=&#8220;.vc_custom_1499258552748{margin-top: 0px !important;margin-bottom: 0px !important;padding-top: 80px !important;padding-bottom: 0px !important;}&#8220;][vc_column width=&#8220;1\/4&#8243;][\/vc_column][vc_column width=&#8220;1\/2&#8243;][\/vc_column][vc_column width=&#8220;1\/4&#8243;][\/vc_column][\/vc_row][vc_row bg_type=&#8220;image&#8220; parallax_style=&#8220;vcpb-default&#8220; bg_override=&#8220;full&#8220; css=&#8220;.vc_custom_1644003258395{margin-top: 0px !important;margin-bottom: -80px !important;padding-top: 150px !important;padding-bottom: 150px !important;}&#8220;][vc_column][\/vc_column][\/vc_row]<\/p>\n","protected":false},"author":1,"featured_media":0,"parent":0,"menu_order":0,"comment_status":"closed","ping_status":"closed","template":"","meta":[],"_links":{"self":[{"href":"https:\/\/www.weddinglaboratory.cz\/index.php?rest_route=\/wp\/v2\/pages\/706"}],"collection":[{"href":"https:\/\/www.weddinglaboratory.cz\/index.php?rest_route=\/wp\/v2\/pages"}],"about":[{"href":"https:\/\/www.weddinglaboratory.cz\/index.php?rest_route=\/wp\/v2\/types\/page"}],"author":[{"embeddable":true,"href":"https:\/\/www.weddinglaboratory.cz\/index.php?rest_route=\/wp\/v2\/users\/1"}],"replies":[{"embeddable":true,"href":"https:\/\/www.weddinglaboratory.cz\/index.php?rest_route=%2Fwp%2Fv2%2Fcomments&post=706"}],"version-history":[{"count":10,"href":"https:\/\/www.weddinglaboratory.cz\/index.php?rest_route=\/wp\/v2\/pages\/706\/revisions"}],"predecessor-version":[{"id":1442,"href":"https:\/\/www.weddinglaboratory.cz\/index.php?rest_route=\/wp\/v2\/pages\/706\/revisions\/1442"}],"wp:attachment":[{"href":"https:\/\/www.weddinglaboratory.cz\/index.php?rest_route=%2Fwp%2Fv2%2Fmedia&parent=706"}],"curies":[{"name":"wp","href":"https:\/\/api.w.org\/{rel}","templated":true}]}}