{"id":764,"date":"2018-06-06T10:44:53","date_gmt":"2018-06-06T08:44:53","guid":{"rendered":"http:\/\/www.weddinglaboratory.cz\/?page_id=764"},"modified":"2020-02-03T12:48:37","modified_gmt":"2020-02-03T11:48:37","slug":"kontakt","status":"publish","type":"page","link":"https:\/\/www.weddinglaboratory.cz\/?page_id=764","title":{"rendered":"Kontakt"},"content":{"rendered":"<p>[vc_row css=&#8220;.vc_custom_1501631243100{margin-top: 0px !important;margin-bottom: 0px !important;padding-top: 80px !important;padding-bottom: 60px !important;}&#8220;][vc_column width=&#8220;1\/2&#8243;]<div class=\"ult-content-box-container \" >\t<a class=\"ult-content-box-anchor\" href=\"#\"   >\t\t<div class=\"ult-content-box\" style=\"box-shadow: px px px px #f7f7f7 none;border-style:solid;border-width:1px;border-radius:0px;border-color:#efefef;padding-top:50px;padding-right:50px;padding-bottom:20px;padding-left:50px;margin-bottom:30px;-webkit-transition: all 300ms ease;-moz-transition: all 300ms ease;-ms-transition: all 300ms ease;-o-transition: all 300ms ease;transition: all 300ms ease;\"  data-hover_bg_color=\"#ffffff\"  data-hover_box_shadow=\"none\"  data-hover_border_color=\"#e9c4b0\"   data-responsive_margins=\"margin:30px;\"   data-normal_margins=\"margin-bottom:30px;\"   data-border_color=\"#efefef\" ><div class=\"aio-icon-component    style_1\"><div id=\"Info-box-wrap-4703\" class=\"aio-icon-box top-icon\" style=\"\"  ><div class=\"aio-icon-top\"><div class=\"ult-just-icon-wrapper  \"><div class=\"align-icon\" style=\"text-align:center;\">\n<div class=\"aio-icon none \" data-animation=\"fadeInUp\" data-animation-delay=\"03\" style=\"color:#e9c4b0;font-size:54px;display:inline-block;\">\n\t<i class=\"Evatheme-Icon-Fonts-thin-0539_map_path_navigation_location\"><\/i>\n<\/div><\/div><\/div><\/div><div class=\"aio-icon-header\" ><h3 class=\"aio-icon-title ult-responsive\"  data-ultimate-target='#Info-box-wrap-4703 .aio-icon-title'  data-responsive-json-new='{\"font-size\":\"desktop:18px;tablet:18px;tablet_portrait:16px;mobile_landscape:14px;mobile:14px;\",\"line-height\":\"desktop:28px;tablet:28px;tablet_portrait:26px;mobile_landscape:22px;mobile:22px;\"}'  style=\"font-family:&#039;Playfair Display&#039;;font-weight:700;color:#222222;\">Kontaktn\u00ed \u00fadaje<\/h3><\/div> <!-- header --><div class=\"aio-icon-description ult-responsive\"  data-ultimate-target='#Info-box-wrap-4703 .aio-icon-description'  data-responsive-json-new='{\"font-size\":\"desktop:16px;tablet:16px;tablet_portrait:14px;mobile_landscape:12px;mobile:12px;\",\"line-height\":\"desktop:26px;tablet:26px;tablet_portrait:24px;mobile_landscape:20px;mobile:20px;\"}'  style=\"font-family:&#039;Merriweather&#039;;font-weight:300;color:rgba(34,34,34,0.75);\">Sonka Skerik<br \/>\nHybe\u0161ova 725\/40 (1. patro)<br \/>\n602 00 Brno-st\u0159ed-Star\u00e9 Brno<br \/>\n\u010cesk\u00e1 republika<br \/>\nOdpov\u011bdn\u00e1 osoba: So\u0148a \u0160ke\u0159\u00edk<\/p>\n<p>E-mai: <span class=\"_5yl5\">info@sonkavisage.cz<\/span><\/p>\n<p>Tel:\u00a0+420 608 660 898<\/div> <!-- description --><\/div> <!-- aio-icon-box --><\/div> <!-- aio-icon-component -->\t\t<\/div>\t<\/a><\/div>[\/vc_column][vc_column width=&#8220;1\/2&#8243;]<div class=\"ult-content-box-container \" >\t<a class=\"ult-content-box-anchor\" href=\"#\"   >\t\t<div class=\"ult-content-box\" style=\"box-shadow: px px px px #f7f7f7 none;border-style:solid;border-width:1px;border-radius:0px;border-color:#efefef;padding-top:50px;padding-right:50px;padding-bottom:20px;padding-left:50px;margin-bottom:30px;-webkit-transition: all 300ms ease;-moz-transition: all 300ms ease;-ms-transition: all 300ms ease;-o-transition: all 300ms ease;transition: all 300ms ease;\"  data-hover_bg_color=\"#ffffff\"  data-hover_box_shadow=\"none\"  data-hover_border_color=\"#e9c4b0\"   data-responsive_margins=\"margin:30px;\"   data-normal_margins=\"margin-bottom:30px;\"   data-border_color=\"#efefef\" ><div class=\"aio-icon-component    style_1\"><div id=\"Info-box-wrap-9847\" class=\"aio-icon-box top-icon\" style=\"\"  ><div class=\"aio-icon-top\"><div class=\"ult-just-icon-wrapper  \"><div class=\"align-icon\" style=\"text-align:center;\">\n<div class=\"aio-icon none \" data-animation=\"fadeInUp\" data-animation-delay=\"03\" style=\"color:#e9c4b0;font-size:54px;display:inline-block;\">\n\t<i class=\"Defaults-suitcase\"><\/i>\n<\/div><\/div><\/div><\/div><div class=\"aio-icon-header\" ><h3 class=\"aio-icon-title ult-responsive\"  data-ultimate-target='#Info-box-wrap-9847 .aio-icon-title'  data-responsive-json-new='{\"font-size\":\"desktop:18px;tablet:18px;tablet_portrait:16px;mobile_landscape:14px;mobile:14px;\",\"line-height\":\"desktop:28px;tablet:28px;tablet_portrait:26px;mobile_landscape:22px;mobile:22px;\"}'  style=\"font-family:&#039;Playfair Display&#039;;font-weight:700;color:#222222;\">Faktura\u010dn\u00ed \u00fadaje<\/h3><\/div> <!-- header --><div class=\"aio-icon-description ult-responsive\"  data-ultimate-target='#Info-box-wrap-9847 .aio-icon-description'  data-responsive-json-new='{\"font-size\":\"desktop:16px;tablet:16px;tablet_portrait:14px;mobile_landscape:12px;mobile:12px;\",\"line-height\":\"desktop:26px;tablet:26px;tablet_portrait:24px;mobile_landscape:20px;mobile:20px;\"}'  style=\"font-family:&#039;Merriweather&#039;;font-weight:300;color:rgba(34,34,34,0.75);\">So\u0148a \u0160ke\u0159\u00edk<br \/>\nKras\u00edkov 5 56301<br \/>\nLan\u0161kroun<br \/>\nI\u010c:76442284<br \/>\nDI\u010c: nepl\u00e1tce DPH<\/p>\n<p>Podnikatel je zaps\u00e1n u \u017divnostensk\u00e9ho \u00fa\u0159adu m\u011bsta Brna, Malinovsk\u00e9ho n\u00e1m.3, 60167, Brno<\/div> <!-- description --><\/div> <!-- aio-icon-box --><\/div> <!-- aio-icon-component -->\t\t<\/div>\t<\/a><\/div>[\/vc_column][\/vc_row][vc_row css=&#8220;.vc_custom_1501631232268{margin-top: 0px !important;margin-bottom: 0px !important;padding-top: 0px !important;padding-bottom: 120px !important;}&#8220;][vc_column]<div id='wrap_map_69f2c538677a2' class='ultimate-map-wrapper ult-adjust-bottom-margin ' style='margin:0px;padding:0px; height:450px;'><div id='map_69f2c538677a2' data-map_override='0' class='ultimate_google_map wpb_content_element page_margin_top_section' style='width:100%;height:450px;'><\/div><\/div><script type='text\/javascript'>\r\n\t\t\t(function($) {\r\n  \t\t\t'use strict';\r\n\t\t\tvar map_map_69f2c538677a2 = null;\r\n\t\t\tvar coordinate_map_69f2c538677a2;\r\n\t\t\tvar isDraggable = $(document).width() > 641 ? true : true;\r\n\t\t\ttry\r\n\t\t\t{\r\n\t\t\t\tvar map_map_69f2c538677a2 = null;\r\n\t\t\t\tvar coordinate_map_69f2c538677a2;\r\n\t\t\t\tcoordinate_map_69f2c538677a2=new google.maps.LatLng(49.189673, 16.600527);\r\n\t\t\t\tvar mapOptions=\r\n\t\t\t\t{\r\n\t\t\t\t\tzoom: 17,\r\n\t\t\t\t\tcenter: coordinate_map_69f2c538677a2,\r\n\t\t\t\t\tscaleControl: true,\r\n\t\t\t\t\tstreetViewControl: false,\r\n\t\t\t\t\tmapTypeControl: false,\r\n\t\t\t\t\tpanControl: false,\r\n\t\t\t\t\tzoomControl: false,\r\n\t\t\t\t\tscrollwheel: false,\r\n\t\t\t\t\tdraggable: isDraggable,\r\n\t\t\t\t\tzoomControlOptions: {\r\n\t\t\t\t\t\tposition: google.maps.ControlPosition.RIGHT_BOTTOM\r\n\t\t\t\t\t}, mapTypeControlOptions: {\r\n\t\t\t\t\t  \t\tmapTypeIds: [google.maps.MapTypeId.ROADMAP, 'map_style']\r\n\t\t\t\t\t\t}};var styles = [\n  {\n    \"elementType\": \"geometry\",\n    \"stylers\": [\n      {\n        \"color\": \"#f5f5f5\"\n      }\n    ]\n  },\n  {\n    \"elementType\": \"labels.icon\",\n    \"stylers\": [\n      {\n        \"visibility\": \"off\"\n      }\n    ]\n  },\n  {\n    \"elementType\": \"labels.text.fill\",\n    \"stylers\": [\n      {\n        \"color\": \"#616161\"\n      }\n    ]\n  },\n  {\n    \"elementType\": \"labels.text.stroke\",\n    \"stylers\": [\n      {\n        \"color\": \"#f5f5f5\"\n      }\n    ]\n  },\n  {\n    \"featureType\": \"administrative\",\n    \"elementType\": \"geometry\",\n    \"stylers\": [\n      {\n        \"visibility\": \"off\"\n      }\n    ]\n  },\n  {\n    \"featureType\": \"administrative.land_parcel\",\n    \"elementType\": \"labels.text.fill\",\n    \"stylers\": [\n      {\n        \"color\": \"#bdbdbd\"\n      }\n    ]\n  },\n  {\n    \"featureType\": \"poi\",\n    \"stylers\": [\n      {\n        \"visibility\": \"off\"\n      }\n    ]\n  },\n  {\n    \"featureType\": \"poi\",\n    \"elementType\": \"geometry\",\n    \"stylers\": [\n      {\n        \"color\": \"#eeeeee\"\n      }\n    ]\n  },\n  {\n    \"featureType\": \"poi\",\n    \"elementType\": \"labels.text.fill\",\n    \"stylers\": [\n      {\n        \"color\": \"#757575\"\n      }\n    ]\n  },\n  {\n    \"featureType\": \"poi.park\",\n    \"elementType\": \"geometry\",\n    \"stylers\": [\n      {\n        \"color\": \"#e5e5e5\"\n      }\n    ]\n  },\n  {\n    \"featureType\": \"poi.park\",\n    \"elementType\": \"labels.text.fill\",\n    \"stylers\": [\n      {\n        \"color\": \"#9e9e9e\"\n      }\n    ]\n  },\n  {\n    \"featureType\": \"road\",\n    \"elementType\": \"geometry\",\n    \"stylers\": [\n      {\n        \"color\": \"#ffffff\"\n      }\n    ]\n  },\n  {\n    \"featureType\": \"road\",\n    \"elementType\": \"labels.icon\",\n    \"stylers\": [\n      {\n        \"visibility\": \"off\"\n      }\n    ]\n  },\n  {\n    \"featureType\": \"road.arterial\",\n    \"elementType\": \"labels.text.fill\",\n    \"stylers\": [\n      {\n        \"color\": \"#757575\"\n      }\n    ]\n  },\n  {\n    \"featureType\": \"road.highway\",\n    \"elementType\": \"geometry\",\n    \"stylers\": [\n      {\n        \"color\": \"#dadada\"\n      }\n    ]\n  },\n  {\n    \"featureType\": \"road.highway\",\n    \"elementType\": \"labels.text.fill\",\n    \"stylers\": [\n      {\n        \"color\": \"#616161\"\n      }\n    ]\n  },\n  {\n    \"featureType\": \"road.local\",\n    \"elementType\": \"labels.text.fill\",\n    \"stylers\": [\n      {\n        \"color\": \"#9e9e9e\"\n      }\n    ]\n  },\n  {\n    \"featureType\": \"transit\",\n    \"stylers\": [\n      {\n        \"visibility\": \"off\"\n      }\n    ]\n  },\n  {\n    \"featureType\": \"transit.line\",\n    \"elementType\": \"geometry\",\n    \"stylers\": [\n      {\n        \"color\": \"#e5e5e5\"\n      }\n    ]\n  },\n  {\n    \"featureType\": \"transit.station\",\n    \"elementType\": \"geometry\",\n    \"stylers\": [\n      {\n        \"color\": \"#eeeeee\"\n      }\n    ]\n  },\n  {\n    \"featureType\": \"water\",\n    \"elementType\": \"geometry\",\n    \"stylers\": [\n      {\n        \"color\": \"#c9c9c9\"\n      }\n    ]\n  },\n  {\n    \"featureType\": \"water\",\n    \"elementType\": \"labels.text.fill\",\n    \"stylers\": [\n      {\n        \"color\": \"#9e9e9e\"\n      }\n    ]\n  }\n];\r\n\t\t\t\t\t\tvar styledMap = new google.maps.StyledMapType(styles,\r\n\t\t\t\t\t    \t{name: \"Styled Map\"});var map_map_69f2c538677a2 = new google.maps.Map(document.getElementById('map_69f2c538677a2'),mapOptions);map_map_69f2c538677a2.mapTypes.set('map_style', styledMap);\r\n \t\t\t\t\t\t\t map_map_69f2c538677a2.setMapTypeId('map_style');\r\n\t\t\t\t\t\tvar x = 'infowindow_open_value';\r\n\t\t\t\t\t\tvar marker_map_69f2c538677a2 = new google.maps.Marker({\r\n\t\t\t\t\t\tposition: new google.maps.LatLng(49.189673, 16.600527),\r\n\t\t\t\t\t\tanimation:  google.maps.Animation.DROP,\r\n\t\t\t\t\t\tmap: map_map_69f2c538677a2,\r\n\t\t\t\t\t\ticon: 'https:\/\/www.weddinglaboratory.cz\/wp-content\/uploads\/2017\/07\/loc.png'\r\n\t\t\t\t\t});\r\n\t\t\t\t\tgoogle.maps.event.addListener(marker_map_69f2c538677a2, 'click', toggleBounce);var infowindow = new google.maps.InfoWindow();\r\n\t\t\t\t\t\t\tinfowindow.setContent('<div class=\"map_info_text\" style=\\'color:#000;\\'>WEDDING LABORATORY<br \/> Hybe\u0161ova 725\/40, 602 00 Brno-st\u0159ed-Star\u00e9 Brno<\/p> <p>1. patro<\/p> <p>&nbsp;<\/p> <p><\/div>');google.maps.event.addListener(marker_map_69f2c538677a2, 'click', function() {\r\n\t\t\t\t\t\t\t\tinfowindow.open(map_map_69f2c538677a2,marker_map_69f2c538677a2);\r\n\t\t\t\t\t\t  \t});}\r\n\t\t\tcatch(e){};\r\n\t\t\tjQuery(document).ready(function($){\r\n\t\t\t\tgoogle.maps.event.trigger(map_map_69f2c538677a2, 'resize');\r\n\t\t\t\t$(window).resize(function(){\r\n\t\t\t\t\tgoogle.maps.event.trigger(map_map_69f2c538677a2, 'resize');\r\n\t\t\t\t\tif(map_map_69f2c538677a2!=null)\r\n\t\t\t\t\t\tmap_map_69f2c538677a2.setCenter(coordinate_map_69f2c538677a2);\r\n\t\t\t\t});\r\n\t\t\t\t$('.ui-tabs').bind('tabsactivate', function(event, ui) {\r\n\t\t\t\t   if($(this).find('.ultimate-map-wrapper').length > 0)\r\n\t\t\t\t\t{\r\n\t\t\t\t\t\tsetTimeout(function(){\r\n\t\t\t\t\t\t\t$(window).trigger('resize');\r\n\t\t\t\t\t\t},200);\r\n\t\t\t\t\t}\r\n\t\t\t\t});\r\n\t\t\t\t$('.ui-accordion').bind('accordionactivate', function(event, ui) {\r\n\t\t\t\t   if($(this).find('.ultimate-map-wrapper').length > 0)\r\n\t\t\t\t\t{\r\n\t\t\t\t\t\tsetTimeout(function(){\r\n\t\t\t\t\t\t\t$(window).trigger('resize');\r\n\t\t\t\t\t\t},200);\r\n\t\t\t\t\t}\r\n\t\t\t\t});\r\n\t\t\t\t$(window).load(function(){\r\n\t\t\t\t\tsetTimeout(function(){\r\n\t\t\t\t\t\t$(window).trigger('resize');\r\n\t\t\t\t\t},200);\r\n\t\t\t\t});\r\n\t\t\t\t$('.ult_exp_section').select(function(){\r\n\t\t\t\t\tif($(map_map_69f2c538677a2).parents('.ult_exp_section'))\r\n\t\t\t\t\t{\r\n\t\t\t\t\t\tsetTimeout(function(){\r\n\t\t\t\t\t\t\t$(window).trigger('resize');\r\n\t\t\t\t\t\t},200);\r\n\t\t\t\t\t}\r\n\t\t\t\t});\r\n\t\t\t\t$(document).on('onUVCModalPopupOpen', function(){\r\n\t\t\t\t\tif($(map_map_69f2c538677a2).parents('.ult_modal-content'))\r\n\t\t\t\t\t{\r\n\t\t\t\t\t\tsetTimeout(function(){\r\n\t\t\t\t\t\t\t$(window).trigger('resize');\r\n\t\t\t\t\t\t},200);\r\n\t\t\t\t\t}\r\n\t\t\t\t});\r\n\t\t\t\t$(document).on('click','.ult_tab_li',function(){\r\n\t\t\t\t\t$(window).trigger('resize');\r\n\t\t\t\t\tsetTimeout(function(){\r\n\t\t\t\t\t\t$(window).trigger('resize');\r\n\t\t\t\t\t},200);\r\n\t\t\t\t});\r\n\t\t\t});\r\n\t\t\tfunction toggleBounce() {\r\n\t\t\t  if (marker_map_69f2c538677a2.getAnimation() != null) {\r\n\t\t\t\tmarker_map_69f2c538677a2.setAnimation(null);\r\n\t\t\t  } else {\r\n\t\t\t\tmarker_map_69f2c538677a2.setAnimation(google.maps.Animation.BOUNCE);\r\n\t\t\t  }\r\n\t\t\t}\r\n\t\t\t})(jQuery);\r\n\t\t\t<\/script>[\/vc_column][\/vc_row][vc_row css=&#8220;.vc_custom_1501631232268{margin-top: 0px !important;margin-bottom: 0px !important;padding-top: 0px !important;padding-bottom: 120px !important;}&#8220;][vc_column width=&#8220;1\/4&#8243;][\/vc_column][vc_column width=&#8220;1\/2&#8243;]<div class=\"ult-content-box-container \" >\t\t<div class=\"ult-content-box\" style=\"background-color:#ffffff;box-shadow: px px px px #f7f7f7 none;padding:50px;-webkit-transition: all 200ms ease;-moz-transition: all 200ms ease;-ms-transition: all 200ms ease;-o-transition: all 200ms ease;transition: all 200ms ease;\"  data-hover_box_shadow=\"none\"     data-bg=\"#ffffff\" ><div id=\"ultimate-heading-353669f2c53867ac1\" class=\"uvc-heading ult-adjust-bottom-margin ultimate-heading-353669f2c53867ac1 uvc-3051 \" data-hspacer=\"image_only\"  data-halign=\"center\" style=\"text-align:center\"><div class=\"uvc-heading-spacer image_only\" style=\"margin-bottom:0px;\"><img src=\"\" class=\"ultimate-headings-icon-image\" alt=\"\" style=\"width:170px\"\/><\/div><div class=\"uvc-main-heading ult-responsive\"  data-ultimate-target='.uvc-heading.ultimate-heading-353669f2c53867ac1 h2'  data-responsive-json-new='{\"font-size\":\"desktop:52px;tablet:42px;tablet_portrait:32px;mobile_landscape:22px;mobile:22px;\",\"line-height\":\"desktop:62px;tablet:52px;tablet_portrait:42px;mobile_landscape:32px;mobile:32px;\"}' ><h2 style=\"font-weight:700;color:#222222;margin-top:20px;margin-bottom:20px;\">Kontakt<\/h2><\/div><\/div><div role=\"form\" class=\"wpcf7\" id=\"wpcf7-f372-o1\" lang=\"en-US\" dir=\"ltr\">\n<div class=\"screen-reader-response\"><p role=\"status\" aria-live=\"polite\" aria-atomic=\"true\"><\/p> <ul><\/ul><\/div>\n<form action=\"\/index.php?rest_route=%2Fwp%2Fv2%2Fpages%2F764#wpcf7-f372-o1\" method=\"post\" class=\"wpcf7-form init\" novalidate=\"novalidate\" data-status=\"init\">\n<div style=\"display: none;\">\n<input type=\"hidden\" name=\"_wpcf7\" value=\"372\" \/>\n<input type=\"hidden\" name=\"_wpcf7_version\" value=\"5.6.4\" \/>\n<input type=\"hidden\" name=\"_wpcf7_locale\" value=\"en_US\" \/>\n<input type=\"hidden\" name=\"_wpcf7_unit_tag\" value=\"wpcf7-f372-o1\" \/>\n<input type=\"hidden\" name=\"_wpcf7_container_post\" value=\"0\" \/>\n<input type=\"hidden\" name=\"_wpcf7_posted_data_hash\" value=\"\" \/>\n<\/div>\n<div class=\"cstheme_contactform_type5\">\n<span class=\"wpcf7-form-control-wrap\" data-name=\"your-name\"><input type=\"text\" name=\"your-name\" value=\"\" size=\"40\" class=\"wpcf7-form-control wpcf7-text wpcf7-validates-as-required\" aria-required=\"true\" aria-invalid=\"false\" placeholder=\"Name\" \/><\/span><span class=\"wpcf7-form-control-wrap\" data-name=\"your-email\"><input type=\"email\" name=\"your-email\" value=\"\" size=\"40\" class=\"wpcf7-form-control wpcf7-text wpcf7-email wpcf7-validates-as-required wpcf7-validates-as-email\" aria-required=\"true\" aria-invalid=\"false\" placeholder=\"E-mail\" \/><\/span><span class=\"wpcf7-form-control-wrap\" data-name=\"your-message\"><textarea name=\"your-message\" cols=\"40\" rows=\"10\" class=\"wpcf7-form-control wpcf7-textarea\" aria-invalid=\"false\" placeholder=\"Message\"><\/textarea><\/span><\/p>\n<div class=\"text-center\"><input type=\"submit\" value=\"Send Message\" class=\"wpcf7-form-control has-spinner wpcf7-submit\" \/><\/div>\n<\/div>\n<div class=\"wpcf7-response-output\" aria-hidden=\"true\"><\/div><\/form><\/div>\t\t<\/div><\/div>[\/vc_column][vc_column width=&#8220;1\/4&#8243;][\/vc_column][\/vc_row]<\/p>\n","protected":false},"excerpt":{"rendered":"<p>[vc_row css=&#8220;.vc_custom_1501631243100{margin-top: 0px !important;margin-bottom: 0px !important;padding-top: 80px !important;padding-bottom: 60px !important;}&#8220;][vc_column width=&#8220;1\/2&#8243;][\/vc_column][vc_column width=&#8220;1\/2&#8243;][\/vc_column][\/vc_row][vc_row css=&#8220;.vc_custom_1501631232268{margin-top: 0px !important;margin-bottom: 0px !important;padding-top: 0px !important;padding-bottom: 120px !important;}&#8220;][vc_column][\/vc_column][\/vc_row][vc_row css=&#8220;.vc_custom_1501631232268{margin-top: 0px !important;margin-bottom: 0px !important;padding-top: 0px !important;padding-bottom: 120px !important;}&#8220;][vc_column width=&#8220;1\/4&#8243;][\/vc_column][vc_column width=&#8220;1\/2&#8243;][\/vc_column][vc_column width=&#8220;1\/4&#8243;][\/vc_column][\/vc_row]<\/p>\n","protected":false},"author":1,"featured_media":0,"parent":0,"menu_order":0,"comment_status":"closed","ping_status":"closed","template":"","meta":[],"_links":{"self":[{"href":"https:\/\/www.weddinglaboratory.cz\/index.php?rest_route=\/wp\/v2\/pages\/764"}],"collection":[{"href":"https:\/\/www.weddinglaboratory.cz\/index.php?rest_route=\/wp\/v2\/pages"}],"about":[{"href":"https:\/\/www.weddinglaboratory.cz\/index.php?rest_route=\/wp\/v2\/types\/page"}],"author":[{"embeddable":true,"href":"https:\/\/www.weddinglaboratory.cz\/index.php?rest_route=\/wp\/v2\/users\/1"}],"replies":[{"embeddable":true,"href":"https:\/\/www.weddinglaboratory.cz\/index.php?rest_route=%2Fwp%2Fv2%2Fcomments&post=764"}],"version-history":[{"count":19,"href":"https:\/\/www.weddinglaboratory.cz\/index.php?rest_route=\/wp\/v2\/pages\/764\/revisions"}],"predecessor-version":[{"id":1175,"href":"https:\/\/www.weddinglaboratory.cz\/index.php?rest_route=\/wp\/v2\/pages\/764\/revisions\/1175"}],"wp:attachment":[{"href":"https:\/\/www.weddinglaboratory.cz\/index.php?rest_route=%2Fwp%2Fv2%2Fmedia&parent=764"}],"curies":[{"name":"wp","href":"https:\/\/api.w.org\/{rel}","templated":true}]}}